{"id":200,"date":"2020-06-10T17:16:45","date_gmt":"2020-06-10T15:16:45","guid":{"rendered":"https:\/\/www.realworldecho.com\/?page_id=200"},"modified":"2021-02-02T14:33:27","modified_gmt":"2021-02-02T13:33:27","slug":"baubegleitung","status":"publish","type":"page","link":"https:\/\/www.realworldecho.com\/de_de\/baubegleitung\/","title":{"rendered":"Baubegleitung"},"content":{"rendered":"\t\t<div data-elementor-type=\"wp-page\" data-elementor-id=\"200\" class=\"elementor elementor-200\" data-elementor-settings=\"[]\">\n\t\t\t\t\t\t<div class=\"elementor-inner\">\n\t\t\t\t\t\t\t<div class=\"elementor-section-wrap\">\n\t\t\t\t\t\t\t<section class=\"has_eae_slider elementor-section elementor-top-section elementor-element elementor-element-4a8871a elementor-section-boxed elementor-section-height-default elementor-section-height-default\" data-id=\"4a8871a\" data-element_type=\"section\" data-settings=\"{&quot;background_background&quot;:&quot;classic&quot;}\">\n\t\t\t\t\t\t\t<div class=\"elementor-background-overlay\"><\/div>\n\t\t\t\t\t\t\t<div class=\"elementor-container elementor-column-gap-default\">\n\t\t\t\t\t\t\t<div class=\"elementor-row\">\n\t\t\t\t\t<div class=\"has_eae_slider elementor-column elementor-col-100 elementor-top-column elementor-element elementor-element-4c7b80c\" data-id=\"4c7b80c\" data-element_type=\"column\">\n\t\t\t<div class=\"elementor-column-wrap elementor-element-populated\">\n\t\t\t\t\t\t\t<div class=\"elementor-widget-wrap\">\n\t\t\t\t\t\t<div class=\"elementor-element elementor-element-0e3eec1 elementor-widget elementor-widget-heading\" data-id=\"0e3eec1\" data-element_type=\"widget\" data-widget_type=\"heading.default\">\n\t\t\t\t<div class=\"elementor-widget-container\">\n\t\t\t<h1 class=\"elementor-heading-title elementor-size-default\">Baubegleitung<\/h1>\t\t<\/div>\n\t\t\t\t<\/div>\n\t\t\t\t<div class=\"elementor-element elementor-element-bfe57a8 elementor-widget elementor-widget-text-editor\" data-id=\"bfe57a8\" data-element_type=\"widget\" data-widget_type=\"text-editor.default\">\n\t\t\t\t<div class=\"elementor-widget-container\">\n\t\t\t\t\t<div class=\"elementor-text-editor elementor-clearfix\"><p>Baubegleitung<\/p><\/div>\n\t\t\t\t<\/div>\n\t\t\t\t<\/div>\n\t\t\t\t\t\t<\/div>\n\t\t\t\t\t<\/div>\n\t\t<\/div>\n\t\t\t\t\t\t\t\t<\/div>\n\t\t\t\t\t<\/div>\n\t\t<\/section>\n\t\t\t\t<section class=\"has_eae_slider elementor-section elementor-top-section elementor-element elementor-element-0c0ddc8 elementor-section-boxed elementor-section-height-default elementor-section-height-default\" data-id=\"0c0ddc8\" data-element_type=\"section\">\n\t\t\t\t\t\t<div class=\"elementor-container elementor-column-gap-default\">\n\t\t\t\t\t\t\t<div class=\"elementor-row\">\n\t\t\t\t\t<div class=\"has_eae_slider elementor-column elementor-col-100 elementor-top-column elementor-element elementor-element-954e0e0\" data-id=\"954e0e0\" data-element_type=\"column\">\n\t\t\t<div class=\"elementor-column-wrap elementor-element-populated\">\n\t\t\t\t\t\t\t<div class=\"elementor-widget-wrap\">\n\t\t\t\t\t\t<div class=\"elementor-element elementor-element-977f101 elementor-widget elementor-widget-heading\" data-id=\"977f101\" data-element_type=\"widget\" data-widget_type=\"heading.default\">\n\t\t\t\t<div class=\"elementor-widget-container\">\n\t\t\t<h2 class=\"elementor-heading-title elementor-size-default\">kompetenz f\u00fcr ihre baustelle<\/h2>\t\t<\/div>\n\t\t\t\t<\/div>\n\t\t\t\t<div class=\"elementor-element elementor-element-bd5ce37 elementor-widget elementor-widget-text-editor\" data-id=\"bd5ce37\" data-element_type=\"widget\" data-widget_type=\"text-editor.default\">\n\t\t\t\t<div class=\"elementor-widget-container\">\n\t\t\t\t\t<div class=\"elementor-text-editor elementor-clearfix\"><p>Profitieren Sie von unserem Fachwissen und unserer Erfahrung als <a href=\"https:\/\/www.realworldecho.com\/fttx-netzplanung\/\">Netzplaner<\/a> auch bei der baulichen Umsetzung Ihrer Projekte. Wir begleiten unsere Kunden vom ersten Planungsentwurf bis hin zur Inbetriebnahme des Netzes. Ziel der Baubegleitung und -\u00fcberwachung ist es, dass im Zuge der Bauausf\u00fchrung die Interessen des Auftraggebers sichergestellt werden. Dies betrifft unter anderem die ordnungsgem\u00e4\u00dfe Baudurchf\u00fchrung und Verkehrssicherungspflicht sowie die korrekte Wiederherstellung der Oberfl\u00e4chen bei Tiefbauma\u00dfnahmen. In regelm\u00e4\u00dfigen Besprechungen mit unseren Kunden stimmen wir \u00fcber das weitere Vorgehen ab und tragen daf\u00fcr Sorge, dass das komplexe Verfahren transparent bleibt und Unw\u00e4gbarkeiten stets fr\u00fchzeitig aus dem Weg ger\u00e4umt werden k\u00f6nnen.<\/p><\/div>\n\t\t\t\t<\/div>\n\t\t\t\t<\/div>\n\t\t\t\t\t\t<\/div>\n\t\t\t\t\t<\/div>\n\t\t<\/div>\n\t\t\t\t\t\t\t\t<\/div>\n\t\t\t\t\t<\/div>\n\t\t<\/section>\n\t\t\t\t<section class=\"has_eae_slider elementor-section elementor-top-section elementor-element elementor-element-bd013aa elementor-hidden-phone elementor-section-boxed elementor-section-height-default elementor-section-height-default\" data-id=\"bd013aa\" data-element_type=\"section\" data-settings=\"{&quot;background_background&quot;:&quot;classic&quot;,&quot;shape_divider_top&quot;:&quot;tilt&quot;,&quot;shape_divider_bottom&quot;:&quot;tilt&quot;}\">\n\t\t\t\t\t\t\t<div class=\"elementor-background-overlay\"><\/div>\n\t\t\t\t\t\t<div class=\"elementor-shape elementor-shape-top\" data-negative=\"false\">\n\t\t\t<svg xmlns=\"http:\/\/www.w3.org\/2000\/svg\" viewBox=\"0 0 1000 100\" preserveAspectRatio=\"none\">\n\t<path class=\"elementor-shape-fill\" d=\"M0,6V0h1000v100L0,6z\"\/>\n<\/svg>\t\t<\/div>\n\t\t\t\t<div class=\"elementor-shape elementor-shape-bottom\" data-negative=\"false\">\n\t\t\t<svg xmlns=\"http:\/\/www.w3.org\/2000\/svg\" viewBox=\"0 0 1000 100\" preserveAspectRatio=\"none\">\n\t<path class=\"elementor-shape-fill\" d=\"M0,6V0h1000v100L0,6z\"\/>\n<\/svg>\t\t<\/div>\n\t\t\t\t\t<div class=\"elementor-container elementor-column-gap-default\">\n\t\t\t\t\t\t\t<div class=\"elementor-row\">\n\t\t\t\t\t<div class=\"has_eae_slider elementor-column elementor-col-100 elementor-top-column elementor-element elementor-element-0f7ba8a\" data-id=\"0f7ba8a\" data-element_type=\"column\">\n\t\t\t<div class=\"elementor-column-wrap elementor-element-populated\">\n\t\t\t\t\t\t\t<div class=\"elementor-widget-wrap\">\n\t\t\t\t\t\t<div class=\"elementor-element elementor-element-bb1c2c1 elementor-widget elementor-widget-spacer\" data-id=\"bb1c2c1\" data-element_type=\"widget\" data-widget_type=\"spacer.default\">\n\t\t\t\t<div class=\"elementor-widget-container\">\n\t\t\t\t\t<div class=\"elementor-spacer\">\n\t\t\t<div class=\"elementor-spacer-inner\"><\/div>\n\t\t<\/div>\n\t\t\t\t<\/div>\n\t\t\t\t<\/div>\n\t\t\t\t\t\t<\/div>\n\t\t\t\t\t<\/div>\n\t\t<\/div>\n\t\t\t\t\t\t\t\t<\/div>\n\t\t\t\t\t<\/div>\n\t\t<\/section>\n\t\t\t\t<section class=\"has_eae_slider elementor-section elementor-top-section elementor-element elementor-element-10c5d02 elementor-section-boxed elementor-section-height-default elementor-section-height-default\" data-id=\"10c5d02\" data-element_type=\"section\">\n\t\t\t\t\t\t<div class=\"elementor-container elementor-column-gap-default\">\n\t\t\t\t\t\t\t<div class=\"elementor-row\">\n\t\t\t\t\t<div class=\"has_eae_slider elementor-column elementor-col-100 elementor-top-column elementor-element elementor-element-5aae1f9\" data-id=\"5aae1f9\" data-element_type=\"column\">\n\t\t\t<div class=\"elementor-column-wrap elementor-element-populated\">\n\t\t\t\t\t\t\t<div class=\"elementor-widget-wrap\">\n\t\t\t\t\t\t<div class=\"elementor-element elementor-element-de02b32 elementor-widget elementor-widget-heading\" data-id=\"de02b32\" data-element_type=\"widget\" data-widget_type=\"heading.default\">\n\t\t\t\t<div class=\"elementor-widget-container\">\n\t\t\t<h2 class=\"elementor-heading-title elementor-size-default\">unser leistungsumfang<\/h2>\t\t<\/div>\n\t\t\t\t<\/div>\n\t\t\t\t<div class=\"elementor-element elementor-element-42e7ef8 elementor-widget elementor-widget-text-editor\" data-id=\"42e7ef8\" data-element_type=\"widget\" data-widget_type=\"text-editor.default\">\n\t\t\t\t<div class=\"elementor-widget-container\">\n\t\t\t\t\t<div class=\"elementor-text-editor elementor-clearfix\"><p><span style=\"font-weight: var( --e-global-typography-text-font-weight );\">Wir bieten unseren Kunden als Baubegleiter eine gro\u00dfe Vielfalt an Dienstleistungen an:<\/span><\/p><\/div>\n\t\t\t\t<\/div>\n\t\t\t\t<\/div>\n\t\t\t\t<div class=\"elementor-element elementor-element-bfe7064 elementor-align-left elementor-icon-list--layout-traditional elementor-list-item-link-full_width elementor-widget elementor-widget-icon-list\" data-id=\"bfe7064\" data-element_type=\"widget\" data-widget_type=\"icon-list.default\">\n\t\t\t\t<div class=\"elementor-widget-container\">\n\t\t\t\t\t<ul class=\"elementor-icon-list-items\">\n\t\t\t\t\t\t\t<li class=\"elementor-icon-list-item\">\n\t\t\t\t\t\t\t\t\t\t\t<span class=\"elementor-icon-list-icon\">\n\t\t\t\t\t\t\t<i aria-hidden=\"true\" class=\"fas fa-caret-right\"><\/i>\t\t\t\t\t\t<\/span>\n\t\t\t\t\t\t\t\t\t\t<span class=\"elementor-icon-list-text\">Dokumentation des Baufortschritts<\/span>\n\t\t\t\t\t\t\t\t\t<\/li>\n\t\t\t\t\t\t\t\t<li class=\"elementor-icon-list-item\">\n\t\t\t\t\t\t\t\t\t\t\t<span class=\"elementor-icon-list-icon\">\n\t\t\t\t\t\t\t<i aria-hidden=\"true\" class=\"fas fa-caret-right\"><\/i>\t\t\t\t\t\t<\/span>\n\t\t\t\t\t\t\t\t\t\t<span class=\"elementor-icon-list-text\">Baustellenabsicherung<\/span>\n\t\t\t\t\t\t\t\t\t<\/li>\n\t\t\t\t\t\t\t\t<li class=\"elementor-icon-list-item\">\n\t\t\t\t\t\t\t\t\t\t\t<span class=\"elementor-icon-list-icon\">\n\t\t\t\t\t\t\t<i aria-hidden=\"true\" class=\"fas fa-caret-right\"><\/i>\t\t\t\t\t\t<\/span>\n\t\t\t\t\t\t\t\t\t\t<span class=\"elementor-icon-list-text\">Kommunikation mit Stadt, Gemeinde, Kreis und \u00c4mtern<\/span>\n\t\t\t\t\t\t\t\t\t<\/li>\n\t\t\t\t\t\t\t\t<li class=\"elementor-icon-list-item\">\n\t\t\t\t\t\t\t\t\t\t\t<span class=\"elementor-icon-list-icon\">\n\t\t\t\t\t\t\t<i aria-hidden=\"true\" class=\"fas fa-caret-right\"><\/i>\t\t\t\t\t\t<\/span>\n\t\t\t\t\t\t\t\t\t\t<span class=\"elementor-icon-list-text\">Kontrolle der Baudurchf\u00fchrung<\/span>\n\t\t\t\t\t\t\t\t\t<\/li>\n\t\t\t\t\t\t\t\t<li class=\"elementor-icon-list-item\">\n\t\t\t\t\t\t\t\t\t\t\t<span class=\"elementor-icon-list-icon\">\n\t\t\t\t\t\t\t<i aria-hidden=\"true\" class=\"fas fa-caret-right\"><\/i>\t\t\t\t\t\t<\/span>\n\t\t\t\t\t\t\t\t\t\t<span class=\"elementor-icon-list-text\">F\u00fchrung eines Bautagebuchs<\/span>\n\t\t\t\t\t\t\t\t\t<\/li>\n\t\t\t\t\t\t\t\t<li class=\"elementor-icon-list-item\">\n\t\t\t\t\t\t\t\t\t\t\t<span class=\"elementor-icon-list-icon\">\n\t\t\t\t\t\t\t<i aria-hidden=\"true\" class=\"fas fa-caret-right\"><\/i>\t\t\t\t\t\t<\/span>\n\t\t\t\t\t\t\t\t\t\t<span class=\"elementor-icon-list-text\">Fachliche und sachliche Kontrolle der Rechnungsaufma\u00dfe<\/span>\n\t\t\t\t\t\t\t\t\t<\/li>\n\t\t\t\t\t\t\t\t<li class=\"elementor-icon-list-item\">\n\t\t\t\t\t\t\t\t\t\t\t<span class=\"elementor-icon-list-icon\">\n\t\t\t\t\t\t\t<i aria-hidden=\"true\" class=\"fas fa-caret-right\"><\/i>\t\t\t\t\t\t<\/span>\n\t\t\t\t\t\t\t\t\t\t<span class=\"elementor-icon-list-text\">Begleiten von Einmessarbeiten<\/span>\n\t\t\t\t\t\t\t\t\t<\/li>\n\t\t\t\t\t\t\t\t<li class=\"elementor-icon-list-item\">\n\t\t\t\t\t\t\t\t\t\t\t<span class=\"elementor-icon-list-icon\">\n\t\t\t\t\t\t\t<i aria-hidden=\"true\" class=\"fas fa-caret-right\"><\/i>\t\t\t\t\t\t<\/span>\n\t\t\t\t\t\t\t\t\t\t<span class=\"elementor-icon-list-text\">Abnahme der Tiefbauleistungen und ggf. \u00dcberwachung von M\u00e4ngelbeseitigung<\/span>\n\t\t\t\t\t\t\t\t\t<\/li>\n\t\t\t\t\t\t<\/ul>\n\t\t\t\t<\/div>\n\t\t\t\t<\/div>\n\t\t\t\t<div class=\"elementor-element elementor-element-63eabb3 elementor-widget elementor-widget-text-editor\" data-id=\"63eabb3\" data-element_type=\"widget\" data-widget_type=\"text-editor.default\">\n\t\t\t\t<div class=\"elementor-widget-container\">\n\t\t\t\t\t<div class=\"elementor-text-editor elementor-clearfix\"><p>Zus\u00e4tzlich k\u00f6nnen wir auch die <strong>Standort- und Wegesicherungen<\/strong> f\u00fcr Sie \u00fcbernehmen. Dies beinhaltet neben Ortsbegehungen und Bau\u00fcberwachung auch die Abwicklung von Genehmigungsverfahren. Nach Abschluss der Bauma\u00dfnahmen k\u00fcmmern wir uns um die As-Built-Dokumentation, die den Sachstand zum Zeitpunkt der Abnahme vollst\u00e4ndig festh\u00e4lt. Wir bieten Ihnen somit die M\u00f6glichkeit zur vollst\u00e4ndigen Planung und Dokumentation Ihres Projektes &#8211; alles aus einer Hand!<\/p><\/div>\n\t\t\t\t<\/div>\n\t\t\t\t<\/div>\n\t\t\t\t\t\t<\/div>\n\t\t\t\t\t<\/div>\n\t\t<\/div>\n\t\t\t\t\t\t\t\t<\/div>\n\t\t\t\t\t<\/div>\n\t\t<\/section>\n\t\t\t\t\t\t<\/div>\n\t\t\t\t\t\t<\/div>\n\t\t\t\t\t<\/div>\n\t\t","protected":false},"excerpt":{"rendered":"<p>Baubegleitung Baubegleitung kompetenz f\u00fcr ihre baustelle Profitieren Sie von unserem Fachwissen und unserer Erfahrung als Netzplaner auch bei der baulichen Umsetzung Ihrer Projekte. Wir begleiten unsere Kunden vom ersten Planungsentwurf bis hin zur Inbetriebnahme des Netzes. Ziel der Baubegleitung und -\u00fcberwachung ist es, dass im Zuge der Bauausf\u00fchrung die Interessen des Auftraggebers sichergestellt werden. Dies [&hellip;]<\/p>\n","protected":false},"author":1,"featured_media":0,"parent":0,"menu_order":0,"comment_status":"closed","ping_status":"closed","template":"elementor_header_footer","meta":{"footnotes":""},"class_list":["post-200","page","type-page","status-publish","hentry"],"yoast_head":"<!-- This site is optimized with the Yoast SEO plugin v15.1.1 - https:\/\/yoast.com\/wordpress\/plugins\/seo\/ -->\n<title>Baubegleitung &amp; -\u00fcberwachung | Realworld ECHO GmbH<\/title>\n<meta name=\"description\" content=\"Profitieren Sie von unserem Fachwissen und unserer Erfahrung als Netzplaner \u2013 auch bei der Baubegleitung und -\u00fcberwachung.\" \/>\n<meta name=\"robots\" content=\"index, follow, max-snippet:-1, max-image-preview:large, max-video-preview:-1\" \/>\n<link rel=\"canonical\" href=\"https:\/\/www.realworldecho.com\/de_de\/baubegleitung\/\" \/>\n<meta property=\"og:locale\" content=\"de_DE\" \/>\n<meta property=\"og:type\" content=\"article\" \/>\n<meta property=\"og:title\" content=\"Baubegleitung &amp; -\u00fcberwachung | Realworld ECHO GmbH\" \/>\n<meta property=\"og:description\" content=\"Profitieren Sie von unserem Fachwissen und unserer Erfahrung als Netzplaner \u2013 auch bei der Baubegleitung und -\u00fcberwachung.\" \/>\n<meta property=\"og:url\" content=\"https:\/\/www.realworldecho.com\/de_de\/baubegleitung\/\" \/>\n<meta property=\"og:site_name\" content=\"Realworld ECHO GmbH\" \/>\n<meta property=\"article:modified_time\" content=\"2021-02-02T13:33:27+00:00\" \/>\n<meta name=\"twitter:card\" content=\"summary_large_image\" \/>\n<script type=\"application\/ld+json\" class=\"yoast-schema-graph\">{\"@context\":\"https:\/\/schema.org\",\"@graph\":[{\"@type\":\"Organization\",\"@id\":\"https:\/\/www.realworldecho.com\/de_de\/#organization\",\"name\":\"Realworld ECHO GmbH\",\"url\":\"https:\/\/www.realworldecho.com\/de_de\/\",\"sameAs\":[],\"logo\":{\"@type\":\"ImageObject\",\"@id\":\"https:\/\/www.realworldecho.com\/de_de\/#logo\",\"inLanguage\":\"de\",\"url\":\"https:\/\/www.realworldecho.com\/wp-content\/uploads\/2020\/06\/realworld_echo_logo_01.png\",\"width\":370,\"height\":64,\"caption\":\"Realworld ECHO GmbH\"},\"image\":{\"@id\":\"https:\/\/www.realworldecho.com\/de_de\/#logo\"}},{\"@type\":\"WebSite\",\"@id\":\"https:\/\/www.realworldecho.com\/de_de\/#website\",\"url\":\"https:\/\/www.realworldecho.com\/de_de\/\",\"name\":\"Realworld ECHO GmbH\",\"description\":\"Ihr Innovativer Partner f\\u00fcr GIS &amp; Breitbandl\\u00f6sungen\",\"publisher\":{\"@id\":\"https:\/\/www.realworldecho.com\/de_de\/#organization\"},\"potentialAction\":[{\"@type\":\"SearchAction\",\"target\":\"https:\/\/www.realworldecho.com\/de_de\/?s={search_term_string}\",\"query-input\":\"required name=search_term_string\"}],\"inLanguage\":\"de\"},{\"@type\":\"WebPage\",\"@id\":\"https:\/\/www.realworldecho.com\/baubegleitung\/#webpage\",\"url\":\"https:\/\/www.realworldecho.com\/baubegleitung\/\",\"name\":\"Baubegleitung & -\\u00fcberwachung | Realworld ECHO GmbH\",\"isPartOf\":{\"@id\":\"https:\/\/www.realworldecho.com\/de_de\/#website\"},\"datePublished\":\"2020-06-10T15:16:45+00:00\",\"dateModified\":\"2021-02-02T13:33:27+00:00\",\"description\":\"Profitieren Sie von unserem Fachwissen und unserer Erfahrung als Netzplaner \\u2013 auch bei der Baubegleitung und -\\u00fcberwachung.\",\"inLanguage\":\"de\",\"potentialAction\":[{\"@type\":\"ReadAction\",\"target\":[\"https:\/\/www.realworldecho.com\/baubegleitung\/\"]}]}]}<\/script>\n<!-- \/ Yoast SEO plugin. -->","_links":{"self":[{"href":"https:\/\/www.realworldecho.com\/de_de\/wp-json\/wp\/v2\/pages\/200","targetHints":{"allow":["GET"]}}],"collection":[{"href":"https:\/\/www.realworldecho.com\/de_de\/wp-json\/wp\/v2\/pages"}],"about":[{"href":"https:\/\/www.realworldecho.com\/de_de\/wp-json\/wp\/v2\/types\/page"}],"author":[{"embeddable":true,"href":"https:\/\/www.realworldecho.com\/de_de\/wp-json\/wp\/v2\/users\/1"}],"replies":[{"embeddable":true,"href":"https:\/\/www.realworldecho.com\/de_de\/wp-json\/wp\/v2\/comments?post=200"}],"version-history":[{"count":29,"href":"https:\/\/www.realworldecho.com\/de_de\/wp-json\/wp\/v2\/pages\/200\/revisions"}],"predecessor-version":[{"id":795,"href":"https:\/\/www.realworldecho.com\/de_de\/wp-json\/wp\/v2\/pages\/200\/revisions\/795"}],"wp:attachment":[{"href":"https:\/\/www.realworldecho.com\/de_de\/wp-json\/wp\/v2\/media?parent=200"}],"curies":[{"name":"wp","href":"https:\/\/api.w.org\/{rel}","templated":true}]}}