{"id":191,"date":"2020-06-10T17:05:56","date_gmt":"2020-06-10T15:05:56","guid":{"rendered":"https:\/\/www.realworldecho.com\/?page_id=191"},"modified":"2021-02-02T15:10:30","modified_gmt":"2021-02-02T14:10:30","slug":"softwareentwicklung","status":"publish","type":"page","link":"https:\/\/www.realworldecho.com\/de_de\/softwareentwicklung\/","title":{"rendered":"Soft\u00adware\u00adent\u00adwick\u00adlung"},"content":{"rendered":"\t\t<div data-elementor-type=\"wp-page\" data-elementor-id=\"191\" class=\"elementor elementor-191\" data-elementor-settings=\"[]\">\n\t\t\t\t\t\t<div class=\"elementor-inner\">\n\t\t\t\t\t\t\t<div class=\"elementor-section-wrap\">\n\t\t\t\t\t\t\t<section class=\"has_eae_slider elementor-section elementor-top-section elementor-element elementor-element-61b537c elementor-section-boxed elementor-section-height-default elementor-section-height-default\" data-id=\"61b537c\" data-element_type=\"section\" data-settings=\"{&quot;background_background&quot;:&quot;classic&quot;}\">\n\t\t\t\t\t\t\t<div class=\"elementor-background-overlay\"><\/div>\n\t\t\t\t\t\t\t<div class=\"elementor-container elementor-column-gap-default\">\n\t\t\t\t\t\t\t<div class=\"elementor-row\">\n\t\t\t\t\t<div class=\"has_eae_slider elementor-column elementor-col-100 elementor-top-column elementor-element elementor-element-b50bb11\" data-id=\"b50bb11\" data-element_type=\"column\">\n\t\t\t<div class=\"elementor-column-wrap elementor-element-populated\">\n\t\t\t\t\t\t\t<div class=\"elementor-widget-wrap\">\n\t\t\t\t\t\t<div class=\"elementor-element elementor-element-f1e5484 elementor-widget elementor-widget-heading\" data-id=\"f1e5484\" data-element_type=\"widget\" data-widget_type=\"heading.default\">\n\t\t\t\t<div class=\"elementor-widget-container\">\n\t\t\t<h1 class=\"elementor-heading-title elementor-size-default\">Soft\u00adware\u00adent\u00adwick\u00adlung<\/h1>\t\t<\/div>\n\t\t\t\t<\/div>\n\t\t\t\t<div class=\"elementor-element elementor-element-209f16a elementor-widget elementor-widget-text-editor\" data-id=\"209f16a\" data-element_type=\"widget\" data-widget_type=\"text-editor.default\">\n\t\t\t\t<div class=\"elementor-widget-container\">\n\t\t\t\t\t<div class=\"elementor-text-editor elementor-clearfix\"><p>Individuelle Softwareentwicklung<\/p><\/div>\n\t\t\t\t<\/div>\n\t\t\t\t<\/div>\n\t\t\t\t\t\t<\/div>\n\t\t\t\t\t<\/div>\n\t\t<\/div>\n\t\t\t\t\t\t\t\t<\/div>\n\t\t\t\t\t<\/div>\n\t\t<\/section>\n\t\t\t\t<section class=\"has_eae_slider elementor-section elementor-top-section elementor-element elementor-element-b81a503 elementor-section-boxed elementor-section-height-default elementor-section-height-default\" data-id=\"b81a503\" data-element_type=\"section\">\n\t\t\t\t\t\t<div class=\"elementor-container elementor-column-gap-default\">\n\t\t\t\t\t\t\t<div class=\"elementor-row\">\n\t\t\t\t\t<div class=\"has_eae_slider elementor-column elementor-col-100 elementor-top-column elementor-element elementor-element-25662e8\" data-id=\"25662e8\" data-element_type=\"column\">\n\t\t\t<div class=\"elementor-column-wrap elementor-element-populated\">\n\t\t\t\t\t\t\t<div class=\"elementor-widget-wrap\">\n\t\t\t\t\t\t<div class=\"elementor-element elementor-element-ade1326 elementor-widget elementor-widget-heading\" data-id=\"ade1326\" data-element_type=\"widget\" data-widget_type=\"heading.default\">\n\t\t\t\t<div class=\"elementor-widget-container\">\n\t\t\t<h2 class=\"elementor-heading-title elementor-size-default\">individuell zugeschnittene Softwarel\u00f6sungen f\u00fcr mehr qualit\u00e4t<\/h2>\t\t<\/div>\n\t\t\t\t<\/div>\n\t\t\t\t<div class=\"elementor-element elementor-element-295b3f4 elementor-widget elementor-widget-text-editor\" data-id=\"295b3f4\" data-element_type=\"widget\" data-widget_type=\"text-editor.default\">\n\t\t\t\t<div class=\"elementor-widget-container\">\n\t\t\t\t\t<div class=\"elementor-text-editor elementor-clearfix\"><p>Mit unserer jeweils individuell entwickelten Software helfen wir unseren <a href=\"https:\/\/www.realworldecho.com\/#kunden\">Kunden<\/a> dabei regelm\u00e4\u00dfig wiederkehrende und zeitintensive Arbeitsabl\u00e4ufe zu beschleunigen in dem wir die Aufbereitung von Daten oder die Produktion von umfangreichen Karten \u00fcbernehmen. Neben der Entwicklung k\u00fcmmern wir uns um die Dokumentation sowie, falls notwendig und gew\u00fcnscht, die Einweisung in das neue Programm. Wir helfen Ihnen dabei komplexe Analysen f\u00fcr jede Mitarbeiterin und jeden Mitarbeiter \u00fcber einen Klick zur Verf\u00fcgung zu stellen und neue ma\u00dfgeschneiderte Funktionalit\u00e4t in Ihre GIS-Software zu integrieren. Wir bieten auch folgende Leistungen an:<\/p><\/div>\n\t\t\t\t<\/div>\n\t\t\t\t<\/div>\n\t\t\t\t<section class=\"has_eae_slider elementor-section elementor-inner-section elementor-element elementor-element-60abc9f elementor-section-boxed elementor-section-height-default elementor-section-height-default\" data-id=\"60abc9f\" data-element_type=\"section\">\n\t\t\t\t\t\t<div class=\"elementor-container elementor-column-gap-default\">\n\t\t\t\t\t\t\t<div class=\"elementor-row\">\n\t\t\t\t\t<div class=\"has_eae_slider elementor-column elementor-col-50 elementor-inner-column elementor-element elementor-element-f3c0afe\" data-id=\"f3c0afe\" data-element_type=\"column\">\n\t\t\t<div class=\"elementor-column-wrap elementor-element-populated\">\n\t\t\t\t\t\t\t<div class=\"elementor-widget-wrap\">\n\t\t\t\t\t\t<div class=\"elementor-element elementor-element-a636104 elementor-align-left elementor-icon-list--layout-traditional elementor-list-item-link-full_width elementor-widget elementor-widget-icon-list\" data-id=\"a636104\" data-element_type=\"widget\" data-widget_type=\"icon-list.default\">\n\t\t\t\t<div class=\"elementor-widget-container\">\n\t\t\t\t\t<ul class=\"elementor-icon-list-items\">\n\t\t\t\t\t\t\t<li class=\"elementor-icon-list-item\">\n\t\t\t\t\t\t\t\t\t\t\t<span class=\"elementor-icon-list-icon\">\n\t\t\t\t\t\t\t<i aria-hidden=\"true\" class=\"fas fa-caret-right\"><\/i>\t\t\t\t\t\t<\/span>\n\t\t\t\t\t\t\t\t\t\t<span class=\"elementor-icon-list-text\">Integrationsl\u00f6sungen f\u00fcr f\u00fchrende GIS-Systeme<\/span>\n\t\t\t\t\t\t\t\t\t<\/li>\n\t\t\t\t\t\t\t\t<li class=\"elementor-icon-list-item\">\n\t\t\t\t\t\t\t\t\t\t\t<span class=\"elementor-icon-list-icon\">\n\t\t\t\t\t\t\t<i aria-hidden=\"true\" class=\"fas fa-caret-right\"><\/i>\t\t\t\t\t\t<\/span>\n\t\t\t\t\t\t\t\t\t\t<span class=\"elementor-icon-list-text\">Automatisierung von Betriebsprozessen<\/span>\n\t\t\t\t\t\t\t\t\t<\/li>\n\t\t\t\t\t\t\t\t<li class=\"elementor-icon-list-item\">\n\t\t\t\t\t\t\t\t\t\t\t<span class=\"elementor-icon-list-icon\">\n\t\t\t\t\t\t\t<i aria-hidden=\"true\" class=\"fas fa-caret-right\"><\/i>\t\t\t\t\t\t<\/span>\n\t\t\t\t\t\t\t\t\t\t<span class=\"elementor-icon-list-text\">Kundenangepasstes Webinterface<\/span>\n\t\t\t\t\t\t\t\t\t<\/li>\n\t\t\t\t\t\t\t\t<li class=\"elementor-icon-list-item\">\n\t\t\t\t\t\t\t\t\t\t\t<span class=\"elementor-icon-list-icon\">\n\t\t\t\t\t\t\t<i aria-hidden=\"true\" class=\"fas fa-caret-right\"><\/i>\t\t\t\t\t\t<\/span>\n\t\t\t\t\t\t\t\t\t\t<span class=\"elementor-icon-list-text\">Physical\/Logical Network Inventory Management<\/span>\n\t\t\t\t\t\t\t\t\t<\/li>\n\t\t\t\t\t\t<\/ul>\n\t\t\t\t<\/div>\n\t\t\t\t<\/div>\n\t\t\t\t\t\t<\/div>\n\t\t\t\t\t<\/div>\n\t\t<\/div>\n\t\t\t\t<div class=\"has_eae_slider elementor-column elementor-col-50 elementor-inner-column elementor-element elementor-element-6d3ca9f\" data-id=\"6d3ca9f\" data-element_type=\"column\">\n\t\t\t<div class=\"elementor-column-wrap elementor-element-populated\">\n\t\t\t\t\t\t\t<div class=\"elementor-widget-wrap\">\n\t\t\t\t\t\t<div class=\"elementor-element elementor-element-6239c60 elementor-align-left elementor-icon-list--layout-traditional elementor-list-item-link-full_width elementor-widget elementor-widget-icon-list\" data-id=\"6239c60\" data-element_type=\"widget\" data-widget_type=\"icon-list.default\">\n\t\t\t\t<div class=\"elementor-widget-container\">\n\t\t\t\t\t<ul class=\"elementor-icon-list-items\">\n\t\t\t\t\t\t\t<li class=\"elementor-icon-list-item\">\n\t\t\t\t\t\t\t\t\t\t\t<span class=\"elementor-icon-list-icon\">\n\t\t\t\t\t\t\t<i aria-hidden=\"true\" class=\"fas fa-caret-right\"><\/i>\t\t\t\t\t\t<\/span>\n\t\t\t\t\t\t\t\t\t\t<span class=\"elementor-icon-list-text\">BSS-\/OSS-Integration<\/span>\n\t\t\t\t\t\t\t\t\t<\/li>\n\t\t\t\t\t\t\t\t<li class=\"elementor-icon-list-item\">\n\t\t\t\t\t\t\t\t\t\t\t<span class=\"elementor-icon-list-icon\">\n\t\t\t\t\t\t\t<i aria-hidden=\"true\" class=\"fas fa-caret-right\"><\/i>\t\t\t\t\t\t<\/span>\n\t\t\t\t\t\t\t\t\t\t<span class=\"elementor-icon-list-text\">Datenqualit\u00e4tssicherung<\/span>\n\t\t\t\t\t\t\t\t\t<\/li>\n\t\t\t\t\t\t\t\t<li class=\"elementor-icon-list-item\">\n\t\t\t\t\t<a href=\"#data-quality-toolkit\">\t\t\t\t\t\t<span class=\"elementor-icon-list-icon\">\n\t\t\t\t\t\t\t<i aria-hidden=\"true\" class=\"fas fa-caret-right\"><\/i>\t\t\t\t\t\t<\/span>\n\t\t\t\t\t\t\t\t\t\t<span class=\"elementor-icon-list-text\">Data Quality Toolkit <i class=\"fas fa-angle-double-down\"><\/i><\/span>\n\t\t\t\t\t\t\t\t\t\t\t<\/a>\n\t\t\t\t\t\t\t\t\t<\/li>\n\t\t\t\t\t\t<\/ul>\n\t\t\t\t<\/div>\n\t\t\t\t<\/div>\n\t\t\t\t\t\t<\/div>\n\t\t\t\t\t<\/div>\n\t\t<\/div>\n\t\t\t\t\t\t\t\t<\/div>\n\t\t\t\t\t<\/div>\n\t\t<\/section>\n\t\t\t\t\t\t<\/div>\n\t\t\t\t\t<\/div>\n\t\t<\/div>\n\t\t\t\t\t\t\t\t<\/div>\n\t\t\t\t\t<\/div>\n\t\t<\/section>\n\t\t\t\t<section class=\"has_eae_slider elementor-section elementor-top-section elementor-element elementor-element-1750549 elementor-hidden-phone elementor-section-boxed elementor-section-height-default elementor-section-height-default\" data-id=\"1750549\" data-element_type=\"section\" data-settings=\"{&quot;background_background&quot;:&quot;classic&quot;,&quot;shape_divider_top&quot;:&quot;tilt&quot;,&quot;shape_divider_bottom&quot;:&quot;tilt&quot;}\">\n\t\t\t\t\t\t\t<div class=\"elementor-background-overlay\"><\/div>\n\t\t\t\t\t\t<div class=\"elementor-shape elementor-shape-top\" data-negative=\"false\">\n\t\t\t<svg xmlns=\"http:\/\/www.w3.org\/2000\/svg\" viewBox=\"0 0 1000 100\" preserveAspectRatio=\"none\">\n\t<path class=\"elementor-shape-fill\" d=\"M0,6V0h1000v100L0,6z\"\/>\n<\/svg>\t\t<\/div>\n\t\t\t\t<div class=\"elementor-shape elementor-shape-bottom\" data-negative=\"false\">\n\t\t\t<svg xmlns=\"http:\/\/www.w3.org\/2000\/svg\" viewBox=\"0 0 1000 100\" preserveAspectRatio=\"none\">\n\t<path class=\"elementor-shape-fill\" d=\"M0,6V0h1000v100L0,6z\"\/>\n<\/svg>\t\t<\/div>\n\t\t\t\t\t<div class=\"elementor-container elementor-column-gap-default\">\n\t\t\t\t\t\t\t<div class=\"elementor-row\">\n\t\t\t\t\t<div class=\"has_eae_slider elementor-column elementor-col-100 elementor-top-column elementor-element elementor-element-13b2ff5\" data-id=\"13b2ff5\" data-element_type=\"column\">\n\t\t\t<div class=\"elementor-column-wrap elementor-element-populated\">\n\t\t\t\t\t\t\t<div class=\"elementor-widget-wrap\">\n\t\t\t\t\t\t<div class=\"elementor-element elementor-element-3db31e7 elementor-widget elementor-widget-spacer\" data-id=\"3db31e7\" data-element_type=\"widget\" data-widget_type=\"spacer.default\">\n\t\t\t\t<div class=\"elementor-widget-container\">\n\t\t\t\t\t<div class=\"elementor-spacer\">\n\t\t\t<div class=\"elementor-spacer-inner\"><\/div>\n\t\t<\/div>\n\t\t\t\t<\/div>\n\t\t\t\t<\/div>\n\t\t\t\t\t\t<\/div>\n\t\t\t\t\t<\/div>\n\t\t<\/div>\n\t\t\t\t\t\t\t\t<\/div>\n\t\t\t\t\t<\/div>\n\t\t<\/section>\n\t\t\t\t<section class=\"has_eae_slider elementor-section elementor-top-section elementor-element elementor-element-4f1094d elementor-section-boxed elementor-section-height-default elementor-section-height-default\" data-id=\"4f1094d\" data-element_type=\"section\" id=\"data-quality-toolkit\">\n\t\t\t\t\t\t<div class=\"elementor-container elementor-column-gap-default\">\n\t\t\t\t\t\t\t<div class=\"elementor-row\">\n\t\t\t\t\t<div class=\"has_eae_slider elementor-column elementor-col-100 elementor-top-column elementor-element elementor-element-541a30c\" data-id=\"541a30c\" data-element_type=\"column\">\n\t\t\t<div class=\"elementor-column-wrap elementor-element-populated\">\n\t\t\t\t\t\t\t<div class=\"elementor-widget-wrap\">\n\t\t\t\t\t\t<div class=\"elementor-element elementor-element-19c4745 elementor-widget elementor-widget-heading\" data-id=\"19c4745\" data-element_type=\"widget\" data-widget_type=\"heading.default\">\n\t\t\t\t<div class=\"elementor-widget-container\">\n\t\t\t<h2 class=\"elementor-heading-title elementor-size-default\">Data Quality Toolkit<\/h2>\t\t<\/div>\n\t\t\t\t<\/div>\n\t\t\t\t<div class=\"elementor-element elementor-element-44f7421 elementor-widget elementor-widget-text-editor\" data-id=\"44f7421\" data-element_type=\"widget\" data-widget_type=\"text-editor.default\">\n\t\t\t\t<div class=\"elementor-widget-container\">\n\t\t\t\t\t<div class=\"elementor-text-editor elementor-clearfix\"><p>Datenqualit\u00e4t ist f\u00fcr Entscheidungstr\u00e4ger von zentraler Bedeutung. Analysen, Kampagnenmanagement, Kundenzufriedenheit und Reporting werden durch die Datenqualit\u00e4t unterst\u00fctzt und haben einen erheblichen Einfluss auf die Effizienz und Reputation eines Unternehmens. Das Data Quality Toolkit bietet eingebaute Integrit\u00e4tsregeln bereits in jeder Smallworld-Anwendung und wird in jedem Datenmodell implementiert. Der Nutzer kann jetzt sein Arbeitsgebiet schnell und bequem vor und nach durchgef\u00fchrten \u00c4nderungen kontrollieren. Mit unseren automatisierten Bereinigungsvorschl\u00e4gen bieten wir Ihnen schnelle \u201eOne Click Solutions\u201c oder eine Mehrfachauswahl an, um den Nutzer zur gew\u00fcnschten L\u00f6sung zu navigieren, gleichzeitig bleibt die Kontrolle beim Nutzer.<\/p><\/div>\n\t\t\t\t<\/div>\n\t\t\t\t<\/div>\n\t\t\t\t\t\t<\/div>\n\t\t\t\t\t<\/div>\n\t\t<\/div>\n\t\t\t\t\t\t\t\t<\/div>\n\t\t\t\t\t<\/div>\n\t\t<\/section>\n\t\t\t\t\t\t<\/div>\n\t\t\t\t\t\t<\/div>\n\t\t\t\t\t<\/div>\n\t\t","protected":false},"excerpt":{"rendered":"<p>Soft\u00adware\u00adent\u00adwick\u00adlung Individuelle Softwareentwicklung individuell zugeschnittene Softwarel\u00f6sungen f\u00fcr mehr qualit\u00e4t Mit unserer jeweils individuell entwickelten Software helfen wir unseren Kunden dabei regelm\u00e4\u00dfig wiederkehrende und zeitintensive Arbeitsabl\u00e4ufe zu beschleunigen in dem wir die Aufbereitung von Daten oder die Produktion von umfangreichen Karten \u00fcbernehmen. Neben der Entwicklung k\u00fcmmern wir uns um die Dokumentation sowie, falls notwendig und gew\u00fcnscht, [&hellip;]<\/p>\n","protected":false},"author":1,"featured_media":0,"parent":0,"menu_order":0,"comment_status":"closed","ping_status":"closed","template":"elementor_header_footer","meta":{"footnotes":""},"class_list":["post-191","page","type-page","status-publish","hentry"],"yoast_head":"<!-- This site is optimized with the Yoast SEO plugin v15.1.1 - https:\/\/yoast.com\/wordpress\/plugins\/seo\/ -->\n<title>Individuelle Softwareentwicklung | Realworld ECHO GmbH<\/title>\n<meta name=\"description\" content=\"Unsere individuelle Softwareentwicklung hilft unseren Kunden, Arbeitsabl\u00e4ufe zu beschleunigen und komplexe Analysen zur Verf\u00fcgung zu stellen.\" \/>\n<meta name=\"robots\" content=\"index, follow, max-snippet:-1, max-image-preview:large, max-video-preview:-1\" \/>\n<link rel=\"canonical\" href=\"https:\/\/www.realworldecho.com\/de_de\/softwareentwicklung\/\" \/>\n<meta property=\"og:locale\" content=\"de_DE\" \/>\n<meta property=\"og:type\" content=\"article\" \/>\n<meta property=\"og:title\" content=\"Individuelle Softwareentwicklung | Realworld ECHO GmbH\" \/>\n<meta property=\"og:description\" content=\"Unsere individuelle Softwareentwicklung hilft unseren Kunden, Arbeitsabl\u00e4ufe zu beschleunigen und komplexe Analysen zur Verf\u00fcgung zu stellen.\" \/>\n<meta property=\"og:url\" content=\"https:\/\/www.realworldecho.com\/de_de\/softwareentwicklung\/\" \/>\n<meta property=\"og:site_name\" content=\"Realworld ECHO GmbH\" \/>\n<meta property=\"article:modified_time\" content=\"2021-02-02T14:10:30+00:00\" \/>\n<meta name=\"twitter:card\" content=\"summary_large_image\" \/>\n<script type=\"application\/ld+json\" class=\"yoast-schema-graph\">{\"@context\":\"https:\/\/schema.org\",\"@graph\":[{\"@type\":\"Organization\",\"@id\":\"https:\/\/www.realworldecho.com\/de_de\/#organization\",\"name\":\"Realworld ECHO GmbH\",\"url\":\"https:\/\/www.realworldecho.com\/de_de\/\",\"sameAs\":[],\"logo\":{\"@type\":\"ImageObject\",\"@id\":\"https:\/\/www.realworldecho.com\/de_de\/#logo\",\"inLanguage\":\"de\",\"url\":\"https:\/\/www.realworldecho.com\/wp-content\/uploads\/2020\/06\/realworld_echo_logo_01.png\",\"width\":370,\"height\":64,\"caption\":\"Realworld ECHO GmbH\"},\"image\":{\"@id\":\"https:\/\/www.realworldecho.com\/de_de\/#logo\"}},{\"@type\":\"WebSite\",\"@id\":\"https:\/\/www.realworldecho.com\/de_de\/#website\",\"url\":\"https:\/\/www.realworldecho.com\/de_de\/\",\"name\":\"Realworld ECHO GmbH\",\"description\":\"Ihr Innovativer Partner f\\u00fcr GIS &amp; Breitbandl\\u00f6sungen\",\"publisher\":{\"@id\":\"https:\/\/www.realworldecho.com\/de_de\/#organization\"},\"potentialAction\":[{\"@type\":\"SearchAction\",\"target\":\"https:\/\/www.realworldecho.com\/de_de\/?s={search_term_string}\",\"query-input\":\"required name=search_term_string\"}],\"inLanguage\":\"de\"},{\"@type\":\"WebPage\",\"@id\":\"https:\/\/www.realworldecho.com\/softwareentwicklung\/#webpage\",\"url\":\"https:\/\/www.realworldecho.com\/softwareentwicklung\/\",\"name\":\"Individuelle Softwareentwicklung | Realworld ECHO GmbH\",\"isPartOf\":{\"@id\":\"https:\/\/www.realworldecho.com\/de_de\/#website\"},\"datePublished\":\"2020-06-10T15:05:56+00:00\",\"dateModified\":\"2021-02-02T14:10:30+00:00\",\"description\":\"Unsere individuelle Softwareentwicklung hilft unseren Kunden, Arbeitsabl\\u00e4ufe zu beschleunigen und komplexe Analysen zur Verf\\u00fcgung zu stellen.\",\"inLanguage\":\"de\",\"potentialAction\":[{\"@type\":\"ReadAction\",\"target\":[\"https:\/\/www.realworldecho.com\/softwareentwicklung\/\"]}]}]}<\/script>\n<!-- \/ Yoast SEO plugin. -->","_links":{"self":[{"href":"https:\/\/www.realworldecho.com\/de_de\/wp-json\/wp\/v2\/pages\/191","targetHints":{"allow":["GET"]}}],"collection":[{"href":"https:\/\/www.realworldecho.com\/de_de\/wp-json\/wp\/v2\/pages"}],"about":[{"href":"https:\/\/www.realworldecho.com\/de_de\/wp-json\/wp\/v2\/types\/page"}],"author":[{"embeddable":true,"href":"https:\/\/www.realworldecho.com\/de_de\/wp-json\/wp\/v2\/users\/1"}],"replies":[{"embeddable":true,"href":"https:\/\/www.realworldecho.com\/de_de\/wp-json\/wp\/v2\/comments?post=191"}],"version-history":[{"count":18,"href":"https:\/\/www.realworldecho.com\/de_de\/wp-json\/wp\/v2\/pages\/191\/revisions"}],"predecessor-version":[{"id":806,"href":"https:\/\/www.realworldecho.com\/de_de\/wp-json\/wp\/v2\/pages\/191\/revisions\/806"}],"wp:attachment":[{"href":"https:\/\/www.realworldecho.com\/de_de\/wp-json\/wp\/v2\/media?parent=191"}],"curies":[{"name":"wp","href":"https:\/\/api.w.org\/{rel}","templated":true}]}}