{"id":183,"date":"2020-06-10T16:56:14","date_gmt":"2020-06-10T14:56:14","guid":{"rendered":"https:\/\/www.realworldecho.com\/?page_id=183"},"modified":"2022-01-21T14:45:24","modified_gmt":"2022-01-21T13:45:24","slug":"fttx-netzplanung","status":"publish","type":"page","link":"https:\/\/www.realworldecho.com\/de_de\/fttx-netzplanung\/","title":{"rendered":"FTTX-Netzplanung"},"content":{"rendered":"\t\t<div data-elementor-type=\"wp-page\" data-elementor-id=\"183\" class=\"elementor elementor-183\" data-elementor-settings=\"[]\">\n\t\t\t\t\t\t<div class=\"elementor-inner\">\n\t\t\t\t\t\t\t<div class=\"elementor-section-wrap\">\n\t\t\t\t\t\t\t<section class=\"has_eae_slider elementor-section elementor-top-section elementor-element elementor-element-e0d14a0 elementor-section-boxed elementor-section-height-default elementor-section-height-default\" data-id=\"e0d14a0\" data-element_type=\"section\" data-settings=\"{&quot;background_background&quot;:&quot;classic&quot;}\">\n\t\t\t\t\t\t\t<div class=\"elementor-background-overlay\"><\/div>\n\t\t\t\t\t\t\t<div class=\"elementor-container elementor-column-gap-default\">\n\t\t\t\t\t\t\t<div class=\"elementor-row\">\n\t\t\t\t\t<div class=\"has_eae_slider elementor-column elementor-col-100 elementor-top-column elementor-element elementor-element-d04383a\" data-id=\"d04383a\" data-element_type=\"column\">\n\t\t\t<div class=\"elementor-column-wrap elementor-element-populated\">\n\t\t\t\t\t\t\t<div class=\"elementor-widget-wrap\">\n\t\t\t\t\t\t<div class=\"elementor-element elementor-element-9e40b75 elementor-widget elementor-widget-heading\" data-id=\"9e40b75\" data-element_type=\"widget\" data-widget_type=\"heading.default\">\n\t\t\t\t<div class=\"elementor-widget-container\">\n\t\t\t<h1 class=\"elementor-heading-title elementor-size-default\">fttx-netzplanung<\/h1>\t\t<\/div>\n\t\t\t\t<\/div>\n\t\t\t\t<div class=\"elementor-element elementor-element-36c4ec5 elementor-widget elementor-widget-text-editor\" data-id=\"36c4ec5\" data-element_type=\"widget\" data-widget_type=\"text-editor.default\">\n\t\t\t\t<div class=\"elementor-widget-container\">\n\t\t\t\t\t<div class=\"elementor-text-editor elementor-clearfix\"><p>FTTx-Netzdesign<\/p><\/div>\n\t\t\t\t<\/div>\n\t\t\t\t<\/div>\n\t\t\t\t\t\t<\/div>\n\t\t\t\t\t<\/div>\n\t\t<\/div>\n\t\t\t\t\t\t\t\t<\/div>\n\t\t\t\t\t<\/div>\n\t\t<\/section>\n\t\t\t\t<section class=\"has_eae_slider elementor-section elementor-top-section elementor-element elementor-element-f357dd3 elementor-section-boxed elementor-section-height-default elementor-section-height-default\" data-id=\"f357dd3\" data-element_type=\"section\">\n\t\t\t\t\t\t<div class=\"elementor-container elementor-column-gap-default\">\n\t\t\t\t\t\t\t<div class=\"elementor-row\">\n\t\t\t\t\t<div class=\"has_eae_slider elementor-column elementor-col-100 elementor-top-column elementor-element elementor-element-de1c25e\" data-id=\"de1c25e\" data-element_type=\"column\">\n\t\t\t<div class=\"elementor-column-wrap elementor-element-populated\">\n\t\t\t\t\t\t\t<div class=\"elementor-widget-wrap\">\n\t\t\t\t\t\t<div class=\"elementor-element elementor-element-678aa69 elementor-widget elementor-widget-heading\" data-id=\"678aa69\" data-element_type=\"widget\" data-widget_type=\"heading.default\">\n\t\t\t\t<div class=\"elementor-widget-container\">\n\t\t\t<h2 class=\"elementor-heading-title elementor-size-default\">bedeutung des breitbandausbaus<\/h2>\t\t<\/div>\n\t\t\t\t<\/div>\n\t\t\t\t<div class=\"elementor-element elementor-element-fb1a2e9 elementor-widget elementor-widget-text-editor\" data-id=\"fb1a2e9\" data-element_type=\"widget\" data-widget_type=\"text-editor.default\">\n\t\t\t\t<div class=\"elementor-widget-container\">\n\t\t\t\t\t<div class=\"elementor-text-editor elementor-clearfix\"><p>Am Breibandausbau f\u00fchrt kein Weg vorbei. Eine fl\u00e4chendeckende Verf\u00fcgbarkeit von gigabitf\u00e4higer Infrastruktur ist unerl\u00e4sslich, um den weltweit aufkommenden Datenmengen gerecht zu werden. Daf\u00fcr liefern wir unseren Kunden das passende Design f\u00fcr Glasfaser-, Kupfer-, Koaxialkabel-Zugangsnetze sowie f\u00fcr Inhouse-Verteilsysteme. Hierbei versuchen wir stets, die technischen M\u00f6glichkeiten mit den wirtschaftlichen Ressourcen in Einklang zu bringen.<\/p><p>Leistungsf\u00e4hige Breitbandnetze sind ein wichtiger Standortfaktor f\u00fcr die Ansiedlung von Unternehmen und erh\u00f6hen die Attraktivit\u00e4t von Wohnstandorten, insbesondere auch im l\u00e4ndlichen Raum. Der hohe Stellenwert eines leistungsf\u00e4higen Netzes f\u00fcr die Wirtschaft und Gesellschaft ist unbestritten, die Verantwortung daf\u00fcr gro\u00df. Deshalb finden unsere Auftraggeber aus dem privaten und \u00f6ffentlichen Sektor in uns einen verl\u00e4sslichen Partner, der Sie mit Erfahrung und Kompetenz bei den Projekten unterst\u00fctzt. Unser Ziel ist es, unseren Kunden unter Beachtung aller strategischen, infrastrukturellen und finanziellen Fragen des Breitbandausbaus stets eine ideale L\u00f6sung anzubieten.<\/p><\/div>\n\t\t\t\t<\/div>\n\t\t\t\t<\/div>\n\t\t\t\t<div class=\"elementor-element elementor-element-4c896ce elementor-widget elementor-widget-text-editor\" data-id=\"4c896ce\" data-element_type=\"widget\" data-widget_type=\"text-editor.default\">\n\t\t\t\t<div class=\"elementor-widget-container\">\n\t\t\t\t\t<div class=\"elementor-text-editor elementor-clearfix\"><\/div>\n\t\t\t\t<\/div>\n\t\t\t\t<\/div>\n\t\t\t\t\t\t<\/div>\n\t\t\t\t\t<\/div>\n\t\t<\/div>\n\t\t\t\t\t\t\t\t<\/div>\n\t\t\t\t\t<\/div>\n\t\t<\/section>\n\t\t\t\t<section class=\"has_eae_slider elementor-section elementor-top-section elementor-element elementor-element-5d94da9 elementor-hidden-phone elementor-section-boxed elementor-section-height-default elementor-section-height-default\" data-id=\"5d94da9\" data-element_type=\"section\" data-settings=\"{&quot;background_background&quot;:&quot;classic&quot;,&quot;shape_divider_top&quot;:&quot;tilt&quot;,&quot;shape_divider_bottom&quot;:&quot;tilt&quot;}\">\n\t\t\t\t\t\t\t<div class=\"elementor-background-overlay\"><\/div>\n\t\t\t\t\t\t<div class=\"elementor-shape elementor-shape-top\" data-negative=\"false\">\n\t\t\t<svg xmlns=\"http:\/\/www.w3.org\/2000\/svg\" viewBox=\"0 0 1000 100\" preserveAspectRatio=\"none\">\n\t<path class=\"elementor-shape-fill\" d=\"M0,6V0h1000v100L0,6z\"\/>\n<\/svg>\t\t<\/div>\n\t\t\t\t<div class=\"elementor-shape elementor-shape-bottom\" data-negative=\"false\">\n\t\t\t<svg xmlns=\"http:\/\/www.w3.org\/2000\/svg\" viewBox=\"0 0 1000 100\" preserveAspectRatio=\"none\">\n\t<path class=\"elementor-shape-fill\" d=\"M0,6V0h1000v100L0,6z\"\/>\n<\/svg>\t\t<\/div>\n\t\t\t\t\t<div class=\"elementor-container elementor-column-gap-default\">\n\t\t\t\t\t\t\t<div class=\"elementor-row\">\n\t\t\t\t\t<div class=\"has_eae_slider elementor-column elementor-col-100 elementor-top-column elementor-element elementor-element-febe62a\" data-id=\"febe62a\" data-element_type=\"column\">\n\t\t\t<div class=\"elementor-column-wrap elementor-element-populated\">\n\t\t\t\t\t\t\t<div class=\"elementor-widget-wrap\">\n\t\t\t\t\t\t<div class=\"elementor-element elementor-element-f4719aa elementor-widget elementor-widget-spacer\" data-id=\"f4719aa\" data-element_type=\"widget\" data-widget_type=\"spacer.default\">\n\t\t\t\t<div class=\"elementor-widget-container\">\n\t\t\t\t\t<div class=\"elementor-spacer\">\n\t\t\t<div class=\"elementor-spacer-inner\"><\/div>\n\t\t<\/div>\n\t\t\t\t<\/div>\n\t\t\t\t<\/div>\n\t\t\t\t\t\t<\/div>\n\t\t\t\t\t<\/div>\n\t\t<\/div>\n\t\t\t\t\t\t\t\t<\/div>\n\t\t\t\t\t<\/div>\n\t\t<\/section>\n\t\t\t\t<section class=\"has_eae_slider elementor-section elementor-top-section elementor-element elementor-element-d9cf1dd elementor-section-boxed elementor-section-height-default elementor-section-height-default\" data-id=\"d9cf1dd\" data-element_type=\"section\">\n\t\t\t\t\t\t<div class=\"elementor-container elementor-column-gap-default\">\n\t\t\t\t\t\t\t<div class=\"elementor-row\">\n\t\t\t\t\t<div class=\"has_eae_slider elementor-column elementor-col-100 elementor-top-column elementor-element elementor-element-6a1af66\" data-id=\"6a1af66\" data-element_type=\"column\">\n\t\t\t<div class=\"elementor-column-wrap elementor-element-populated\">\n\t\t\t\t\t\t\t<div class=\"elementor-widget-wrap\">\n\t\t\t\t\t\t<div class=\"elementor-element elementor-element-45a4d9e elementor-widget elementor-widget-heading\" data-id=\"45a4d9e\" data-element_type=\"widget\" data-widget_type=\"heading.default\">\n\t\t\t\t<div class=\"elementor-widget-container\">\n\t\t\t<h2 class=\"elementor-heading-title elementor-size-default\">unser Leistungsumfang<\/h2>\t\t<\/div>\n\t\t\t\t<\/div>\n\t\t\t\t<div class=\"elementor-element elementor-element-d9d2853 elementor-widget elementor-widget-text-editor\" data-id=\"d9d2853\" data-element_type=\"widget\" data-widget_type=\"text-editor.default\">\n\t\t\t\t<div class=\"elementor-widget-container\">\n\t\t\t\t\t<div class=\"elementor-text-editor elementor-clearfix\"><p>Wir bieten unseren Kunden ein breit gef\u00e4chertes Portfolio an Dienstleistungen, dass uns erm\u00f6glicht, individuell auf die Anforderungen und W\u00fcnsche unserer Kunden eingehen zu k\u00f6nnen. Dazu z\u00e4hlen unter anderem:<\/p><\/div>\n\t\t\t\t<\/div>\n\t\t\t\t<\/div>\n\t\t\t\t<div class=\"elementor-element elementor-element-5499bcb elementor-align-left elementor-icon-list--layout-traditional elementor-list-item-link-full_width elementor-widget elementor-widget-icon-list\" data-id=\"5499bcb\" data-element_type=\"widget\" data-widget_type=\"icon-list.default\">\n\t\t\t\t<div class=\"elementor-widget-container\">\n\t\t\t\t\t<ul class=\"elementor-icon-list-items\">\n\t\t\t\t\t\t\t<li class=\"elementor-icon-list-item\">\n\t\t\t\t\t\t\t\t\t\t\t<span class=\"elementor-icon-list-icon\">\n\t\t\t\t\t\t\t<i aria-hidden=\"true\" class=\"fas fa-caret-right\"><\/i>\t\t\t\t\t\t<\/span>\n\t\t\t\t\t\t\t\t\t\t<span class=\"elementor-icon-list-text\">Netzanalyse und -optimierung<\/span>\n\t\t\t\t\t\t\t\t\t<\/li>\n\t\t\t\t\t\t\t\t<li class=\"elementor-icon-list-item\">\n\t\t\t\t\t\t\t\t\t\t\t<span class=\"elementor-icon-list-icon\">\n\t\t\t\t\t\t\t<i aria-hidden=\"true\" class=\"fas fa-caret-right\"><\/i>\t\t\t\t\t\t<\/span>\n\t\t\t\t\t\t\t\t\t\t<span class=\"elementor-icon-list-text\">Strukturplanung<\/span>\n\t\t\t\t\t\t\t\t\t<\/li>\n\t\t\t\t\t\t\t\t<li class=\"elementor-icon-list-item\">\n\t\t\t\t\t\t\t\t\t\t\t<span class=\"elementor-icon-list-icon\">\n\t\t\t\t\t\t\t<i aria-hidden=\"true\" class=\"fas fa-caret-right\"><\/i>\t\t\t\t\t\t<\/span>\n\t\t\t\t\t\t\t\t\t\t<span class=\"elementor-icon-list-text\">Material- und Projektplanung<\/span>\n\t\t\t\t\t\t\t\t\t<\/li>\n\t\t\t\t\t\t\t\t<li class=\"elementor-icon-list-item\">\n\t\t\t\t\t\t\t\t\t\t\t<span class=\"elementor-icon-list-icon\">\n\t\t\t\t\t\t\t<i aria-hidden=\"true\" class=\"fas fa-caret-right\"><\/i>\t\t\t\t\t\t<\/span>\n\t\t\t\t\t\t\t\t\t\t<span class=\"elementor-icon-list-text\">\u00dcbernahme von Genehmigungsprozessen<\/span>\n\t\t\t\t\t\t\t\t\t<\/li>\n\t\t\t\t\t\t\t\t<li class=\"elementor-icon-list-item\">\n\t\t\t\t\t\t\t\t\t\t\t<span class=\"elementor-icon-list-icon\">\n\t\t\t\t\t\t\t<i aria-hidden=\"true\" class=\"fas fa-caret-right\"><\/i>\t\t\t\t\t\t<\/span>\n\t\t\t\t\t\t\t\t\t\t<span class=\"elementor-icon-list-text\">Ausf\u00fchrungsplanung (Fttx & HFC)<\/span>\n\t\t\t\t\t\t\t\t\t<\/li>\n\t\t\t\t\t\t\t\t<li class=\"elementor-icon-list-item\">\n\t\t\t\t\t\t\t\t\t\t\t<span class=\"elementor-icon-list-icon\">\n\t\t\t\t\t\t\t<i aria-hidden=\"true\" class=\"fas fa-caret-right\"><\/i>\t\t\t\t\t\t<\/span>\n\t\t\t\t\t\t\t\t\t\t<span class=\"elementor-icon-list-text\">Anlagen- und Inhouseplanung<\/span>\n\t\t\t\t\t\t\t\t\t<\/li>\n\t\t\t\t\t\t\t\t<li class=\"elementor-icon-list-item\">\n\t\t\t\t\t\t\t\t\t\t\t<span class=\"elementor-icon-list-icon\">\n\t\t\t\t\t\t\t<i aria-hidden=\"true\" class=\"fas fa-caret-right\"><\/i>\t\t\t\t\t\t<\/span>\n\t\t\t\t\t\t\t\t\t\t<span class=\"elementor-icon-list-text\">Faser- und Splei\u00dfpl\u00e4ne<\/span>\n\t\t\t\t\t\t\t\t\t<\/li>\n\t\t\t\t\t\t\t\t<li class=\"elementor-icon-list-item\">\n\t\t\t\t\t\t\t\t\t\t\t<span class=\"elementor-icon-list-icon\">\n\t\t\t\t\t\t\t<i aria-hidden=\"true\" class=\"fas fa-caret-right\"><\/i>\t\t\t\t\t\t<\/span>\n\t\t\t\t\t\t\t\t\t\t<span class=\"elementor-icon-list-text\">Erstellung von Leistungsverzeichnissen<\/span>\n\t\t\t\t\t\t\t\t\t<\/li>\n\t\t\t\t\t\t<\/ul>\n\t\t\t\t<\/div>\n\t\t\t\t<\/div>\n\t\t\t\t<div class=\"elementor-element elementor-element-b3862f5 elementor-widget elementor-widget-text-editor\" data-id=\"b3862f5\" data-element_type=\"widget\" data-widget_type=\"text-editor.default\">\n\t\t\t\t<div class=\"elementor-widget-container\">\n\t\t\t\t\t<div class=\"elementor-text-editor elementor-clearfix\"><p>Eine ebenso akkurate wie stets aktuell gehaltene <strong>Dokumentation<\/strong>, sowohl bestehender als auch neu gebauter Netze, ist f\u00fcr Telekommunikationsunternehmen von entscheidender Bedeutung. Aus diesem Grund bieten wir neben Planung und Management auch diese Dienstleistung an. Hierbei werden z.B. Netzelemente, Komponenten und Strukturen sowie vor Ort eingemessene Trassen und Orientierungspunkte pr\u00e4zise in das GIS eingebracht und in den Datenbestand integriert. Anhand dieser Geodaten lassen sich auch Wartung und sp\u00e4tere Bauvorhaben kosteneffizienter umsetzen.<\/p><\/div>\n\t\t\t\t<\/div>\n\t\t\t\t<\/div>\n\t\t\t\t\t\t<\/div>\n\t\t\t\t\t<\/div>\n\t\t<\/div>\n\t\t\t\t\t\t\t\t<\/div>\n\t\t\t\t\t<\/div>\n\t\t<\/section>\n\t\t\t\t\t\t<\/div>\n\t\t\t\t\t\t<\/div>\n\t\t\t\t\t<\/div>\n\t\t","protected":false},"excerpt":{"rendered":"<p>fttx-netzplanung FTTx-Netzdesign bedeutung des breitbandausbaus Am Breibandausbau f\u00fchrt kein Weg vorbei. Eine fl\u00e4chendeckende Verf\u00fcgbarkeit von gigabitf\u00e4higer Infrastruktur ist unerl\u00e4sslich, um den weltweit aufkommenden Datenmengen gerecht zu werden. Daf\u00fcr liefern wir unseren Kunden das passende Design f\u00fcr Glasfaser-, Kupfer-, Koaxialkabel-Zugangsnetze sowie f\u00fcr Inhouse-Verteilsysteme. Hierbei versuchen wir stets, die technischen M\u00f6glichkeiten mit den wirtschaftlichen Ressourcen in Einklang [&hellip;]<\/p>\n","protected":false},"author":1,"featured_media":0,"parent":0,"menu_order":0,"comment_status":"closed","ping_status":"closed","template":"elementor_header_footer","meta":{"footnotes":""},"class_list":["post-183","page","type-page","status-publish","hentry"],"yoast_head":"<!-- This site is optimized with the Yoast SEO plugin v15.1.1 - https:\/\/yoast.com\/wordpress\/plugins\/seo\/ -->\n<title>FTTx-Netzdesign: Breibandausbau | Realworld ECHO GmbH<\/title>\n<meta name=\"description\" content=\"Dank fl\u00e4chendeckender Infrastruktur liefern wir unseren Kunden das passende FTTx-Netzdesign, um den Datenmengen gerecht zu werden.\" \/>\n<meta name=\"robots\" content=\"index, follow, max-snippet:-1, max-image-preview:large, max-video-preview:-1\" \/>\n<link rel=\"canonical\" href=\"https:\/\/www.realworldecho.com\/de_de\/fttx-netzplanung\/\" \/>\n<meta property=\"og:locale\" content=\"de_DE\" \/>\n<meta property=\"og:type\" content=\"article\" \/>\n<meta property=\"og:title\" content=\"FTTx-Netzdesign: Breibandausbau | Realworld ECHO GmbH\" \/>\n<meta property=\"og:description\" content=\"Dank fl\u00e4chendeckender Infrastruktur liefern wir unseren Kunden das passende FTTx-Netzdesign, um den Datenmengen gerecht zu werden.\" \/>\n<meta property=\"og:url\" content=\"https:\/\/www.realworldecho.com\/de_de\/fttx-netzplanung\/\" \/>\n<meta property=\"og:site_name\" content=\"Realworld ECHO GmbH\" \/>\n<meta property=\"article:modified_time\" content=\"2022-01-21T13:45:24+00:00\" \/>\n<meta name=\"twitter:card\" content=\"summary_large_image\" \/>\n<script type=\"application\/ld+json\" class=\"yoast-schema-graph\">{\"@context\":\"https:\/\/schema.org\",\"@graph\":[{\"@type\":\"Organization\",\"@id\":\"https:\/\/www.realworldecho.com\/de_de\/#organization\",\"name\":\"Realworld ECHO GmbH\",\"url\":\"https:\/\/www.realworldecho.com\/de_de\/\",\"sameAs\":[],\"logo\":{\"@type\":\"ImageObject\",\"@id\":\"https:\/\/www.realworldecho.com\/de_de\/#logo\",\"inLanguage\":\"de\",\"url\":\"https:\/\/www.realworldecho.com\/wp-content\/uploads\/2020\/06\/realworld_echo_logo_01.png\",\"width\":370,\"height\":64,\"caption\":\"Realworld ECHO GmbH\"},\"image\":{\"@id\":\"https:\/\/www.realworldecho.com\/de_de\/#logo\"}},{\"@type\":\"WebSite\",\"@id\":\"https:\/\/www.realworldecho.com\/de_de\/#website\",\"url\":\"https:\/\/www.realworldecho.com\/de_de\/\",\"name\":\"Realworld ECHO GmbH\",\"description\":\"Ihr Innovativer Partner f\\u00fcr GIS &amp; Breitbandl\\u00f6sungen\",\"publisher\":{\"@id\":\"https:\/\/www.realworldecho.com\/de_de\/#organization\"},\"potentialAction\":[{\"@type\":\"SearchAction\",\"target\":\"https:\/\/www.realworldecho.com\/de_de\/?s={search_term_string}\",\"query-input\":\"required name=search_term_string\"}],\"inLanguage\":\"de\"},{\"@type\":\"WebPage\",\"@id\":\"https:\/\/www.realworldecho.com\/fttx-netzplanung\/#webpage\",\"url\":\"https:\/\/www.realworldecho.com\/fttx-netzplanung\/\",\"name\":\"FTTx-Netzdesign: Breibandausbau | Realworld ECHO GmbH\",\"isPartOf\":{\"@id\":\"https:\/\/www.realworldecho.com\/de_de\/#website\"},\"datePublished\":\"2020-06-10T14:56:14+00:00\",\"dateModified\":\"2022-01-21T13:45:24+00:00\",\"description\":\"Dank fl\\u00e4chendeckender Infrastruktur liefern wir unseren Kunden das passende FTTx-Netzdesign, um den Datenmengen gerecht zu werden.\",\"inLanguage\":\"de\",\"potentialAction\":[{\"@type\":\"ReadAction\",\"target\":[\"https:\/\/www.realworldecho.com\/fttx-netzplanung\/\"]}]}]}<\/script>\n<!-- \/ Yoast SEO plugin. -->","_links":{"self":[{"href":"https:\/\/www.realworldecho.com\/de_de\/wp-json\/wp\/v2\/pages\/183","targetHints":{"allow":["GET"]}}],"collection":[{"href":"https:\/\/www.realworldecho.com\/de_de\/wp-json\/wp\/v2\/pages"}],"about":[{"href":"https:\/\/www.realworldecho.com\/de_de\/wp-json\/wp\/v2\/types\/page"}],"author":[{"embeddable":true,"href":"https:\/\/www.realworldecho.com\/de_de\/wp-json\/wp\/v2\/users\/1"}],"replies":[{"embeddable":true,"href":"https:\/\/www.realworldecho.com\/de_de\/wp-json\/wp\/v2\/comments?post=183"}],"version-history":[{"count":31,"href":"https:\/\/www.realworldecho.com\/de_de\/wp-json\/wp\/v2\/pages\/183\/revisions"}],"predecessor-version":[{"id":868,"href":"https:\/\/www.realworldecho.com\/de_de\/wp-json\/wp\/v2\/pages\/183\/revisions\/868"}],"wp:attachment":[{"href":"https:\/\/www.realworldecho.com\/de_de\/wp-json\/wp\/v2\/media?parent=183"}],"curies":[{"name":"wp","href":"https:\/\/api.w.org\/{rel}","templated":true}]}}