{"id":177,"date":"2020-06-10T16:51:33","date_gmt":"2020-06-10T14:51:33","guid":{"rendered":"https:\/\/www.realworldecho.com\/?page_id=177"},"modified":"2024-07-30T10:21:09","modified_gmt":"2024-07-30T08:21:09","slug":"ueber-uns","status":"publish","type":"page","link":"https:\/\/www.realworldecho.com\/de_de\/ueber-uns\/","title":{"rendered":"\u00dcber uns"},"content":{"rendered":"\t\t<div data-elementor-type=\"wp-page\" data-elementor-id=\"177\" class=\"elementor elementor-177\" data-elementor-settings=\"[]\">\n\t\t\t\t\t\t<div class=\"elementor-inner\">\n\t\t\t\t\t\t\t<div class=\"elementor-section-wrap\">\n\t\t\t\t\t\t\t<section class=\"has_eae_slider elementor-section elementor-top-section elementor-element elementor-element-41c0899 elementor-section-boxed elementor-section-height-default elementor-section-height-default\" data-id=\"41c0899\" data-element_type=\"section\" data-settings=\"{&quot;background_background&quot;:&quot;classic&quot;}\">\n\t\t\t\t\t\t\t<div class=\"elementor-background-overlay\"><\/div>\n\t\t\t\t\t\t\t<div class=\"elementor-container elementor-column-gap-default\">\n\t\t\t\t\t\t\t<div class=\"elementor-row\">\n\t\t\t\t\t<div class=\"has_eae_slider elementor-column elementor-col-100 elementor-top-column elementor-element elementor-element-28e8214\" data-id=\"28e8214\" data-element_type=\"column\">\n\t\t\t<div class=\"elementor-column-wrap elementor-element-populated\">\n\t\t\t\t\t\t\t<div class=\"elementor-widget-wrap\">\n\t\t\t\t\t\t<div class=\"elementor-element elementor-element-faea672 elementor-widget elementor-widget-heading\" data-id=\"faea672\" data-element_type=\"widget\" data-widget_type=\"heading.default\">\n\t\t\t\t<div class=\"elementor-widget-container\">\n\t\t\t<h1 class=\"elementor-heading-title elementor-size-default\">\u00dcber uns<\/h1>\t\t<\/div>\n\t\t\t\t<\/div>\n\t\t\t\t<div class=\"elementor-element elementor-element-0a693da elementor-widget elementor-widget-text-editor\" data-id=\"0a693da\" data-element_type=\"widget\" data-widget_type=\"text-editor.default\">\n\t\t\t\t<div class=\"elementor-widget-container\">\n\t\t\t\t\t<div class=\"elementor-text-editor elementor-clearfix\"><p>Partner f\u00fcr Netzplanungen und -dokumentation<\/p><\/div>\n\t\t\t\t<\/div>\n\t\t\t\t<\/div>\n\t\t\t\t\t\t<\/div>\n\t\t\t\t\t<\/div>\n\t\t<\/div>\n\t\t\t\t\t\t\t\t<\/div>\n\t\t\t\t\t<\/div>\n\t\t<\/section>\n\t\t\t\t<section class=\"has_eae_slider elementor-section elementor-top-section elementor-element elementor-element-7be84ff elementor-section-boxed elementor-section-height-default elementor-section-height-default\" data-id=\"7be84ff\" data-element_type=\"section\">\n\t\t\t\t\t\t<div class=\"elementor-container elementor-column-gap-default\">\n\t\t\t\t\t\t\t<div class=\"elementor-row\">\n\t\t\t\t\t<div class=\"has_eae_slider elementor-column elementor-col-100 elementor-top-column elementor-element elementor-element-6a3bbd6\" data-id=\"6a3bbd6\" data-element_type=\"column\">\n\t\t\t<div class=\"elementor-column-wrap elementor-element-populated\">\n\t\t\t\t\t\t\t<div class=\"elementor-widget-wrap\">\n\t\t\t\t\t\t<div class=\"elementor-element elementor-element-7bc3ecd elementor-widget elementor-widget-heading\" data-id=\"7bc3ecd\" data-element_type=\"widget\" data-widget_type=\"heading.default\">\n\t\t\t\t<div class=\"elementor-widget-container\">\n\t\t\t<h2 class=\"elementor-heading-title elementor-size-default\">Unser Unternehmen<\/h2>\t\t<\/div>\n\t\t\t\t<\/div>\n\t\t\t\t<div class=\"elementor-element elementor-element-5d55f09 elementor-widget elementor-widget-text-editor\" data-id=\"5d55f09\" data-element_type=\"widget\" data-widget_type=\"text-editor.default\">\n\t\t\t\t<div class=\"elementor-widget-container\">\n\t\t\t\t\t<div class=\"elementor-text-editor elementor-clearfix\"><p>Urspr\u00fcnglich gegr\u00fcndet im Jahr 2000 als ECHO Broadband GmbH durch die Keppel T&amp;T Corporation aus Singapur, firmiert die Firma seit der Trennung im Jahr 2010 als Realworld ECHO GmbH. S<span style=\"font-weight: var( --e-global-typography-text-font-weight );\">eit dem tritt Realworld ECHO weltweit als anerkannter und zuverl\u00e4ssiger Partner f\u00fcr Netzplanung und -dokumentation im internationalen Telekommunikationssektor auf und\u00a0<\/span><span style=\"font-weight: var( --e-global-typography-text-font-weight );\">interagiert bis heute eng mit Ihrem Partner ECHO Broadband<\/span><span style=\"font-weight: var( --e-global-typography-text-font-weight );\">. Dar\u00fcber hinaus werden individuell auf den Kunden zugeschnittene, innovative und hochwertige L\u00f6sungen zur Optimierung von Netzstrukturen und Geodatenverwaltung entwickelt.<\/span><\/p><p>Mit unseren Niederlassungen in Siegburg und Bern sowie unserem Partnerbetrieb ECHO Broadband wird sichergestellt, dass der Erfahrungsschatz all unserer Fachkr\u00e4fte durch die Zusammenarbeit in internationalen Projekten und dem st\u00e4ndigen Dialog miteinander w\u00e4chst. Diese internationale Zusammenarbeit und die globale Vernetzung machen Realworld ECHO zum Experten f\u00fcr Planungsprojekte mit deutschem Qualit\u00e4tsmanagement.<\/p><\/div>\n\t\t\t\t<\/div>\n\t\t\t\t<\/div>\n\t\t\t\t\t\t<\/div>\n\t\t\t\t\t<\/div>\n\t\t<\/div>\n\t\t\t\t\t\t\t\t<\/div>\n\t\t\t\t\t<\/div>\n\t\t<\/section>\n\t\t\t\t<section class=\"has_eae_slider elementor-section elementor-top-section elementor-element elementor-element-b364b26 elementor-hidden-phone elementor-section-boxed elementor-section-height-default elementor-section-height-default\" data-id=\"b364b26\" data-element_type=\"section\" data-settings=\"{&quot;background_background&quot;:&quot;classic&quot;,&quot;shape_divider_top&quot;:&quot;tilt&quot;,&quot;shape_divider_bottom&quot;:&quot;tilt&quot;}\">\n\t\t\t\t\t\t\t<div class=\"elementor-background-overlay\"><\/div>\n\t\t\t\t\t\t<div class=\"elementor-shape elementor-shape-top\" data-negative=\"false\">\n\t\t\t<svg xmlns=\"http:\/\/www.w3.org\/2000\/svg\" viewBox=\"0 0 1000 100\" preserveAspectRatio=\"none\">\n\t<path class=\"elementor-shape-fill\" d=\"M0,6V0h1000v100L0,6z\"\/>\n<\/svg>\t\t<\/div>\n\t\t\t\t<div class=\"elementor-shape elementor-shape-bottom\" data-negative=\"false\">\n\t\t\t<svg xmlns=\"http:\/\/www.w3.org\/2000\/svg\" viewBox=\"0 0 1000 100\" preserveAspectRatio=\"none\">\n\t<path class=\"elementor-shape-fill\" d=\"M0,6V0h1000v100L0,6z\"\/>\n<\/svg>\t\t<\/div>\n\t\t\t\t\t<div class=\"elementor-container elementor-column-gap-default\">\n\t\t\t\t\t\t\t<div class=\"elementor-row\">\n\t\t\t\t\t<div class=\"has_eae_slider elementor-column elementor-col-100 elementor-top-column elementor-element elementor-element-94717f5\" data-id=\"94717f5\" data-element_type=\"column\">\n\t\t\t<div class=\"elementor-column-wrap elementor-element-populated\">\n\t\t\t\t\t\t\t<div class=\"elementor-widget-wrap\">\n\t\t\t\t\t\t<div class=\"elementor-element elementor-element-6494368 elementor-widget elementor-widget-spacer\" data-id=\"6494368\" data-element_type=\"widget\" data-widget_type=\"spacer.default\">\n\t\t\t\t<div class=\"elementor-widget-container\">\n\t\t\t\t\t<div class=\"elementor-spacer\">\n\t\t\t<div class=\"elementor-spacer-inner\"><\/div>\n\t\t<\/div>\n\t\t\t\t<\/div>\n\t\t\t\t<\/div>\n\t\t\t\t\t\t<\/div>\n\t\t\t\t\t<\/div>\n\t\t<\/div>\n\t\t\t\t\t\t\t\t<\/div>\n\t\t\t\t\t<\/div>\n\t\t<\/section>\n\t\t\t\t<section class=\"has_eae_slider elementor-section elementor-top-section elementor-element elementor-element-8594ef7 elementor-section-boxed elementor-section-height-default elementor-section-height-default\" data-id=\"8594ef7\" data-element_type=\"section\">\n\t\t\t\t\t\t<div class=\"elementor-container elementor-column-gap-default\">\n\t\t\t\t\t\t\t<div class=\"elementor-row\">\n\t\t\t\t\t<div class=\"has_eae_slider elementor-column elementor-col-100 elementor-top-column elementor-element elementor-element-9f0338e\" data-id=\"9f0338e\" data-element_type=\"column\">\n\t\t\t<div class=\"elementor-column-wrap elementor-element-populated\">\n\t\t\t\t\t\t\t<div class=\"elementor-widget-wrap\">\n\t\t\t\t\t\t<div class=\"elementor-element elementor-element-65aea4f elementor-widget elementor-widget-heading\" data-id=\"65aea4f\" data-element_type=\"widget\" data-widget_type=\"heading.default\">\n\t\t\t\t<div class=\"elementor-widget-container\">\n\t\t\t<h3 class=\"elementor-heading-title elementor-size-default\">Unser Team<\/h3>\t\t<\/div>\n\t\t\t\t<\/div>\n\t\t\t\t<div class=\"elementor-element elementor-element-f62fde1 elementor-widget elementor-widget-text-editor\" data-id=\"f62fde1\" data-element_type=\"widget\" data-widget_type=\"text-editor.default\">\n\t\t\t\t<div class=\"elementor-widget-container\">\n\t\t\t\t\t<div class=\"elementor-text-editor elementor-clearfix\"><p>Der Erfolg unserer Kunden steht f\u00fcr uns im Mittelpunkt. Daf\u00fcr arbeiten wir mit einem besonders hohem Qualit\u00e4tsanspruch und haben keine Scheu vor neuen Herausforderungen. Wir bieten Ihnen ein aus Ingenieuren, IT-Fachkr\u00e4ften, Geographen und Projektmanagern bestehendes Team, das jahrelange Erfahrung und ein fundiertes Fachwissen mitbringt. Durch unsere internationale Verflechtung und weltweite Projektzusammenarbeit befindet sich unser Team in einem kontinuierlichen Wissensaustausch und profitiert von diesen Synergieeffekten.<\/p><p>Unser Ziel ist es, durch vision\u00e4re Konzepte und Methodiken, kontinuierliche Fortbildung unserer Mitarbeiter und durch die Vernetzung mit unseren Partnerbetrieben, den hohen Standard, den wir gesetzt haben, aufrecht zu erhalten. Dies hat im gesamten Unternehmen h\u00f6chste Priorit\u00e4t, denn nur so kann Realworld ECHO seinen Kunden weiterhin innovative sowie individuelle L\u00f6sungen anbieten. Profitieren auch Sie von unseren \u2018Best-Practice\u2019-Erfahrungen in lokalen und internationalen FTTx-Netzplanungs- und GIS-Projekten.<\/p><\/div>\n\t\t\t\t<\/div>\n\t\t\t\t<\/div>\n\t\t\t\t\t\t<\/div>\n\t\t\t\t\t<\/div>\n\t\t<\/div>\n\t\t\t\t\t\t\t\t<\/div>\n\t\t\t\t\t<\/div>\n\t\t<\/section>\n\t\t\t\t\t\t<\/div>\n\t\t\t\t\t\t<\/div>\n\t\t\t\t\t<\/div>\n\t\t","protected":false},"excerpt":{"rendered":"<p>\u00dcber uns Partner f\u00fcr Netzplanungen und -dokumentation Unser Unternehmen Urspr\u00fcnglich gegr\u00fcndet im Jahr 2000 als ECHO Broadband GmbH durch die Keppel T&amp;T Corporation aus Singapur, firmiert die Firma seit der Trennung im Jahr 2010 als Realworld ECHO GmbH. Seit dem tritt Realworld ECHO weltweit als anerkannter und zuverl\u00e4ssiger Partner f\u00fcr Netzplanung und -dokumentation im internationalen [&hellip;]<\/p>\n","protected":false},"author":1,"featured_media":0,"parent":0,"menu_order":0,"comment_status":"closed","ping_status":"closed","template":"elementor_header_footer","meta":{"footnotes":""},"class_list":["post-177","page","type-page","status-publish","hentry"],"yoast_head":"<!-- This site is optimized with the Yoast SEO plugin v15.1.1 - https:\/\/yoast.com\/wordpress\/plugins\/seo\/ -->\n<title>Partner f\u00fcr Netzplanungen und -dokumentation | Realworld ECHO GmbH<\/title>\n<meta name=\"description\" content=\"Wir sind weltweit anerkannter &amp; zuverl\u00e4ssiger Partner f\u00fcr Netzplanungen und -dokumentation f\u00fcr den internationalen Telekommunikationssektor.\" \/>\n<meta name=\"robots\" content=\"index, follow, max-snippet:-1, max-image-preview:large, max-video-preview:-1\" \/>\n<link rel=\"canonical\" href=\"https:\/\/www.realworldecho.com\/de_de\/ueber-uns\/\" \/>\n<meta property=\"og:locale\" content=\"de_DE\" \/>\n<meta property=\"og:type\" content=\"article\" \/>\n<meta property=\"og:title\" content=\"Partner f\u00fcr Netzplanungen und -dokumentation | Realworld ECHO GmbH\" \/>\n<meta property=\"og:description\" content=\"Wir sind weltweit anerkannter &amp; zuverl\u00e4ssiger Partner f\u00fcr Netzplanungen und -dokumentation f\u00fcr den internationalen Telekommunikationssektor.\" \/>\n<meta property=\"og:url\" content=\"https:\/\/www.realworldecho.com\/de_de\/ueber-uns\/\" \/>\n<meta property=\"og:site_name\" content=\"Realworld ECHO GmbH\" \/>\n<meta property=\"article:modified_time\" content=\"2024-07-30T08:21:09+00:00\" \/>\n<meta name=\"twitter:card\" content=\"summary_large_image\" \/>\n<script type=\"application\/ld+json\" class=\"yoast-schema-graph\">{\"@context\":\"https:\/\/schema.org\",\"@graph\":[{\"@type\":\"Organization\",\"@id\":\"https:\/\/www.realworldecho.com\/de_de\/#organization\",\"name\":\"Realworld ECHO GmbH\",\"url\":\"https:\/\/www.realworldecho.com\/de_de\/\",\"sameAs\":[],\"logo\":{\"@type\":\"ImageObject\",\"@id\":\"https:\/\/www.realworldecho.com\/de_de\/#logo\",\"inLanguage\":\"de\",\"url\":\"https:\/\/www.realworldecho.com\/wp-content\/uploads\/2020\/06\/realworld_echo_logo_01.png\",\"width\":370,\"height\":64,\"caption\":\"Realworld ECHO GmbH\"},\"image\":{\"@id\":\"https:\/\/www.realworldecho.com\/de_de\/#logo\"}},{\"@type\":\"WebSite\",\"@id\":\"https:\/\/www.realworldecho.com\/de_de\/#website\",\"url\":\"https:\/\/www.realworldecho.com\/de_de\/\",\"name\":\"Realworld ECHO GmbH\",\"description\":\"Ihr Innovativer Partner f\\u00fcr GIS &amp; Breitbandl\\u00f6sungen\",\"publisher\":{\"@id\":\"https:\/\/www.realworldecho.com\/de_de\/#organization\"},\"potentialAction\":[{\"@type\":\"SearchAction\",\"target\":\"https:\/\/www.realworldecho.com\/de_de\/?s={search_term_string}\",\"query-input\":\"required name=search_term_string\"}],\"inLanguage\":\"de\"},{\"@type\":\"WebPage\",\"@id\":\"https:\/\/www.realworldecho.com\/ueber-uns\/#webpage\",\"url\":\"https:\/\/www.realworldecho.com\/ueber-uns\/\",\"name\":\"Partner f\\u00fcr Netzplanungen und -dokumentation | Realworld ECHO GmbH\",\"isPartOf\":{\"@id\":\"https:\/\/www.realworldecho.com\/de_de\/#website\"},\"datePublished\":\"2020-06-10T14:51:33+00:00\",\"dateModified\":\"2024-07-30T08:21:09+00:00\",\"description\":\"Wir sind weltweit anerkannter & zuverl\\u00e4ssiger Partner f\\u00fcr Netzplanungen und -dokumentation f\\u00fcr den internationalen Telekommunikationssektor.\",\"inLanguage\":\"de\",\"potentialAction\":[{\"@type\":\"ReadAction\",\"target\":[\"https:\/\/www.realworldecho.com\/ueber-uns\/\"]}]}]}<\/script>\n<!-- \/ Yoast SEO plugin. -->","_links":{"self":[{"href":"https:\/\/www.realworldecho.com\/de_de\/wp-json\/wp\/v2\/pages\/177","targetHints":{"allow":["GET"]}}],"collection":[{"href":"https:\/\/www.realworldecho.com\/de_de\/wp-json\/wp\/v2\/pages"}],"about":[{"href":"https:\/\/www.realworldecho.com\/de_de\/wp-json\/wp\/v2\/types\/page"}],"author":[{"embeddable":true,"href":"https:\/\/www.realworldecho.com\/de_de\/wp-json\/wp\/v2\/users\/1"}],"replies":[{"embeddable":true,"href":"https:\/\/www.realworldecho.com\/de_de\/wp-json\/wp\/v2\/comments?post=177"}],"version-history":[{"count":30,"href":"https:\/\/www.realworldecho.com\/de_de\/wp-json\/wp\/v2\/pages\/177\/revisions"}],"predecessor-version":[{"id":946,"href":"https:\/\/www.realworldecho.com\/de_de\/wp-json\/wp\/v2\/pages\/177\/revisions\/946"}],"wp:attachment":[{"href":"https:\/\/www.realworldecho.com\/de_de\/wp-json\/wp\/v2\/media?parent=177"}],"curies":[{"name":"wp","href":"https:\/\/api.w.org\/{rel}","templated":true}]}}